{"id":1308,"date":"2020-10-21T14:58:51","date_gmt":"2020-10-21T19:58:51","guid":{"rendered":"https:\/\/oatseveryday.com\/connaissez-votre-avoine\/"},"modified":"2020-11-05T13:37:31","modified_gmt":"2020-11-05T19:37:31","slug":"connaissez-votre-avoine","status":"publish","type":"page","link":"https:\/\/oatseveryday.com\/fr\/connaissez-votre-avoine\/","title":{"rendered":"Connaissez votre avoine"},"content":{"rendered":"<p>L&rsquo;avoine la plus courante que vous trouverez dans le magasin est sous la forme de flocons d\u2019avoine. Si quelqu&rsquo;un vous a demand\u00e9 d&rsquo;imaginer l&rsquo;avoine, c&rsquo;est la forme traditionnelle qui vous saute probablement dans la t\u00eate. <a href=\"https:\/\/oatseveryday.com\/know-your-oats-2\/#rolled-oats\">Les flocons d&rsquo;avoine<\/a> sont des flocons d&rsquo;avoine entiers qui ont \u00e9t\u00e9 grill\u00e9s, d\u00e9cortiqu\u00e9s, cuits \u00e0 la vapeur puis roul\u00e9s. Ces flocons d&rsquo;avoine absorbent beaucoup de liquide et cuisent assez rapidement. Ils tiennent \u00e9galement bien leur forme lors de la cuisson. <a href=\"https:\/\/oatseveryday.com\/know-your-oats-2\/#rolled-oats\">Les flocons d&rsquo;avoine<\/a> sont les ingr\u00e9dients de base des barres granola et du muesli.<\/p>\n<hr \/>\n<figure id=\"attachment_1309\" aria-describedby=\"caption-attachment-1309\" style=\"width: 288px\" class=\"wp-caption alignright\"><img loading=\"lazy\" decoding=\"async\" class=\"wp-image-1309 size-full\" src=\"\/wp-content\/uploads\/2017\/06\/rolled_oats.jpg\" alt=\"Les flocons d'avoine\" width=\"288\" height=\"190\" srcset=\"https:\/\/oatseveryday.com\/wp-content\/uploads\/2017\/06\/rolled_oats.jpg 288w, https:\/\/oatseveryday.com\/wp-content\/uploads\/2017\/06\/rolled_oats-199x131.jpg 199w\" sizes=\"auto, (max-width: 288px) 100vw, 288px\" \/><figcaption id=\"caption-attachment-1309\" class=\"wp-caption-text\">Les flocons d&rsquo;avoine<\/figcaption><\/figure>\n<h3 id=\"rolled-oats\"><strong>Les flocons d&rsquo;avoine<\/strong><\/h3>\n<p>L&rsquo;avoine la plus courante que vous trouverez dans le magasin est sous la forme de flocons d\u2019avoine. Si quelqu&rsquo;un vous a demand\u00e9 d&rsquo;imaginer l&rsquo;avoine, c&rsquo;est la forme traditionnelle qui vous saute probablement dans la t\u00eate. <a href=\"https:\/\/oatseveryday.com\/know-your-oats-2\/#rolled-oats\">Les flocons d&rsquo;avoine<\/a> sont des flocons d&rsquo;avoine entiers qui ont \u00e9t\u00e9 grill\u00e9s, d\u00e9cortiqu\u00e9s, cuits \u00e0 la vapeur puis roul\u00e9s. Ces flocons d&rsquo;avoine absorbent beaucoup de liquide et cuisent assez rapidement. Ils tiennent \u00e9galement bien leur forme lors de la cuisson. <a href=\"https:\/\/oatseveryday.com\/know-your-oats-2\/#rolled-oats\">Les flocons d&rsquo;avoine<\/a> sont les ingr\u00e9dients de base des barres granola et du muesli.<\/p>\n<hr \/>\n<figure id=\"attachment_1311\" aria-describedby=\"caption-attachment-1311\" style=\"width: 288px\" class=\"wp-caption alignright\"><img loading=\"lazy\" decoding=\"async\" class=\"wp-image-1311 size-full\" src=\"\/wp-content\/uploads\/2017\/06\/quick_oats.jpg\" alt=\"Les petits flocons d'avoine\" width=\"288\" height=\"190\" srcset=\"https:\/\/oatseveryday.com\/wp-content\/uploads\/2017\/06\/quick_oats.jpg 288w, https:\/\/oatseveryday.com\/wp-content\/uploads\/2017\/06\/quick_oats-199x131.jpg 199w\" sizes=\"auto, (max-width: 288px) 100vw, 288px\" \/><figcaption id=\"caption-attachment-1311\" class=\"wp-caption-text\">Les petits flocons d&rsquo;avoine<\/figcaption><\/figure>\n<h3 id=\"quick-oats\"><strong>Les petits flocons d&rsquo;avoine<\/strong><\/h3>\n<p>\u00c9galement couramment disponibles, ces flocons d&rsquo;avoine ont \u00e9t\u00e9 coup\u00e9s, cuits \u00e0 la vapeur et roul\u00e9s en flocons plus minces, ce qui les rend plus rapides \u00e0 cuire. Ils sont fr\u00e9quemment utilis\u00e9s dans les muffins, les biscuits et le pain. Faire un bol de gruau rapide nature avec votre choix de garnitures est une alternative aux emballages <a href=\"https:\/\/oatseveryday.com\/know-your-oats-2\/#quick-oats\">d&rsquo;avoine instantan\u00e9e<\/a> plus transform\u00e9s.<\/p>\n<hr \/>\n<figure id=\"attachment_1313\" aria-describedby=\"caption-attachment-1313\" style=\"width: 288px\" class=\"wp-caption alignright\"><img loading=\"lazy\" decoding=\"async\" class=\"wp-image-1313 size-full\" src=\"\/wp-content\/uploads\/2017\/06\/instant_oats.jpg\" alt=\"L\u2019avoine instantan\u00e9e\" width=\"288\" height=\"190\" srcset=\"https:\/\/oatseveryday.com\/wp-content\/uploads\/2017\/06\/instant_oats.jpg 288w, https:\/\/oatseveryday.com\/wp-content\/uploads\/2017\/06\/instant_oats-199x131.jpg 199w\" sizes=\"auto, (max-width: 288px) 100vw, 288px\" \/><figcaption id=\"caption-attachment-1313\" class=\"wp-caption-text\">L\u2019avoine instantan\u00e9e<\/figcaption><\/figure>\n<h3 id=\"instant-oats\"><strong>L\u2019avoine instantan\u00e9e<\/strong><\/h3>\n<p>Ce sont les flocons d&rsquo;avoine que vous trouvez g\u00e9n\u00e9ralement dans des emballages aromatis\u00e9s que vous pouvez passer au micro-onde avec de l&rsquo;eau pour un petit-d\u00e9jeuner rapide. Ils ont \u00e9t\u00e9 coup\u00e9s, pr\u00e9cuits, s\u00e9ch\u00e9s, cuits \u00e0 la vapeur et aplatis pour des temps de cuisson instantan\u00e9s. Un moyen rapide et pratique d&rsquo;obtenir une bonne dose d&rsquo;avoine sur le pouce!<\/p>\n<hr \/>\n<figure id=\"attachment_1315\" aria-describedby=\"caption-attachment-1315\" style=\"width: 288px\" class=\"wp-caption alignright\"><img loading=\"lazy\" decoding=\"async\" class=\"wp-image-1315 size-full\" src=\"\/wp-content\/uploads\/2017\/06\/steel_cut_oats.jpg\" alt=\"Le boulgour d\u2019avoine\" width=\"288\" height=\"190\" srcset=\"https:\/\/oatseveryday.com\/wp-content\/uploads\/2017\/06\/steel_cut_oats.jpg 288w, https:\/\/oatseveryday.com\/wp-content\/uploads\/2017\/06\/steel_cut_oats-199x131.jpg 199w\" sizes=\"auto, (max-width: 288px) 100vw, 288px\" \/><figcaption id=\"caption-attachment-1315\" class=\"wp-caption-text\">Le boulgour d\u2019avoine<\/figcaption><\/figure>\n<h3 id=\"steel-cut-oats\"><strong>Le boulgour d\u2019avoine<\/strong><\/h3>\n<p>Aussi connu sous le nom d&rsquo;avoine \u00e9cossaise et d&rsquo;avoine irlandaise, <a href=\"https:\/\/oatseveryday.com\/know-your-oats-2\/#steel-cut-oats\">le boulgour d\u2019avoine<\/a> est l\u2019\u00e9quivalent des <a href=\"https:\/\/oatseveryday.com\/know-your-oats-2\/#steel-cut-oats\">\u201csteel-cut oats\u201d<\/a>, base du porridge anglo-saxon. Il a une excellente texture moelleuse et une saveur de noisette. <a href=\"https:\/\/oatseveryday.com\/know-your-oats-2\/#steel-cut-oats\">Il s\u2019agit de gruaux \u00e9minc\u00e9s<\/a> pour les aider \u00e0 cuire en moins de temp, pr\u00e9cuits \u00e0 la vapeur et s\u00e9ch\u00e9s. Le boulgour est une excellente alternative au riz car il est plus facile \u00e0 trouver dans les magasins que le <a href=\"https:\/\/oatseveryday.com\/know-your-oats-2\/#oat-groats\">gruau d&rsquo;avoine<\/a>.<\/p>\n<hr \/>\n<figure id=\"attachment_1317\" aria-describedby=\"caption-attachment-1317\" style=\"width: 288px\" class=\"wp-caption alignright\"><img loading=\"lazy\" decoding=\"async\" class=\"wp-image-1317 size-full\" src=\"\/wp-content\/uploads\/2017\/06\/groats.jpg\" alt=\"Le gruau d'avoine\" width=\"288\" height=\"190\" srcset=\"https:\/\/oatseveryday.com\/wp-content\/uploads\/2017\/06\/groats.jpg 288w, https:\/\/oatseveryday.com\/wp-content\/uploads\/2017\/06\/groats-199x131.jpg 199w\" sizes=\"auto, (max-width: 288px) 100vw, 288px\" \/><figcaption id=\"caption-attachment-1317\" class=\"wp-caption-text\">Le gruau d&rsquo;avoine<\/figcaption><\/figure>\n<h3 id=\"oat-groats\"><strong>Le gruau d&rsquo;avoine<\/strong><\/h3>\n<p>Il s\u2019agit du grain entier, d\u00e9barrass\u00e9 de son enveloppe, d\u00e9cortiqu\u00e9 ou \u00e9cras\u00e9. Les grains d&rsquo;avoine sont constitu\u00e9s de trois parties: le son, le germe et l&rsquo;endosperme. Le son et le germe contiennent tous deux des fibres saines, des vitamines et des min\u00e9raux. L&rsquo;endosperme contient principalement des glucides et des prot\u00e9ines. Avec le <a href=\"https:\/\/oatseveryday.com\/fr\/connaissez-votre-avoine\/#oat-groats\">gruau d\u2019avoine,<\/a> vous obtenez les trois! Ils sont super nutritifs et tr\u00e8s moelleux, ce qui en fait un excellent substitut au riz et un ingr\u00e9dient tueur dans les salades.<\/p>\n<hr \/>\n<figure id=\"attachment_1319\" aria-describedby=\"caption-attachment-1319\" style=\"width: 288px\" class=\"wp-caption alignright\"><img loading=\"lazy\" decoding=\"async\" class=\"wp-image-1319 size-full\" src=\"\/wp-content\/uploads\/2017\/06\/oat_flour.jpg\" alt=\"La farine d'avoine\" width=\"288\" height=\"190\" srcset=\"https:\/\/oatseveryday.com\/wp-content\/uploads\/2017\/06\/oat_flour.jpg 288w, https:\/\/oatseveryday.com\/wp-content\/uploads\/2017\/06\/oat_flour-199x131.jpg 199w\" sizes=\"auto, (max-width: 288px) 100vw, 288px\" \/><figcaption id=\"caption-attachment-1319\" class=\"wp-caption-text\">La farine d&rsquo;avoine<\/figcaption><\/figure>\n<h3 id=\"oat-flour\"><strong>La farine d&rsquo;avoine<\/strong><\/h3>\n<p><a href=\"https:\/\/oatseveryday.com\/know-your-oats-2\/#oat-flour\">La farine d&rsquo;avoine<\/a> est simplement de l&rsquo;avoine qui a \u00e9t\u00e9 moulue en une poudre fine. <a href=\"https:\/\/oatseveryday.com\/know-your-oats-2\/#oat-flour\">La farine d&rsquo;avoine<\/a> peut \u00eatre utilis\u00e9e pour \u00e9paissir les sauces et les farces, dans les panures et dans les produits de boulangerie, tels que les biscuits et les pains rapides. <a href=\"https:\/\/oatseveryday.com\/know-your-oats-2\/#oat-flour\">La farine d&rsquo;avoine<\/a> est disponible dans le commerce ou peut facilement \u00eatre pr\u00e9par\u00e9e \u00e0 la maison dans un robot culinaire. Pour faire de <a href=\"https:\/\/oatseveryday.com\/know-your-oats-2\/#oat-flour\">la farine d&rsquo;avoine<\/a>, transformez les <a href=\"https:\/\/oatseveryday.com\/know-your-oats-2\/#quick-oats\">flocons d&rsquo;avoine<\/a> en poudre puis tamisez.<\/p>\n<hr \/>\n<figure id=\"attachment_1321\" aria-describedby=\"caption-attachment-1321\" style=\"width: 288px\" class=\"wp-caption alignright\"><img loading=\"lazy\" decoding=\"async\" class=\"wp-image-1321 size-full\" src=\"\/wp-content\/uploads\/2017\/06\/oat_bran.jpg\" alt=\"Le son d'avoine\" width=\"288\" height=\"190\" srcset=\"https:\/\/oatseveryday.com\/wp-content\/uploads\/2017\/06\/oat_bran.jpg 288w, https:\/\/oatseveryday.com\/wp-content\/uploads\/2017\/06\/oat_bran-199x131.jpg 199w\" sizes=\"auto, (max-width: 288px) 100vw, 288px\" \/><figcaption id=\"caption-attachment-1321\" class=\"wp-caption-text\">Le son d&rsquo;avoine<\/figcaption><\/figure>\n<h3 id=\"oat-bran\"><strong>Le son d&rsquo;avoine<\/strong><\/h3>\n<p>Fabriqu\u00e9 \u00e0 partir de l&rsquo;enveloppe externe (couche) de l&rsquo;amande d&rsquo;avoine, particuli\u00e8rement riche en fibres insolubles. Il est utilis\u00e9 comme c\u00e9r\u00e9ale chaude ou saupoudr\u00e9 sur des c\u00e9r\u00e9ales froides, et comme ingr\u00e9dient dans les pains rapides, les mijot\u00e9s et les cr\u00eapes pour ajouter des fibres.<\/p>\n<hr \/>\n<p>Vous ne pouvez vraiment pas vous tromper. Nous esp\u00e9rons que vous voudrez conna\u00eetre TOUS CES TYPES D\u2019AVOINE.<\/p>\n","protected":false},"excerpt":{"rendered":"<p>L&rsquo;avoine la plus courante que vous trouverez dans le magasin est sous la forme de flocons d\u2019avoine. Si quelqu&rsquo;un vous a demand\u00e9 d&rsquo;imaginer l&rsquo;avoine, c&rsquo;est la forme traditionnelle qui vous saute probablement dans la t\u00eate. Les flocons d&rsquo;avoine sont des flocons d&rsquo;avoine entiers qui ont \u00e9t\u00e9 grill\u00e9s, d\u00e9cortiqu\u00e9s, cuits \u00e0 la vapeur puis roul\u00e9s. Ces&hellip;<\/p>\n","protected":false},"author":2,"featured_media":0,"parent":0,"menu_order":0,"comment_status":"closed","ping_status":"closed","template":"templates\/no-sidebar.php","meta":{"wprm-recipe-roundup-name":"","wprm-recipe-roundup-description":"","footnotes":""},"class_list":["post-1308","page","type-page","status-publish","hentry","entry","no-media"],"yoast_head":"<!-- This site is optimized with the Yoast SEO plugin v27.4 - https:\/\/yoast.com\/product\/yoast-seo-wordpress\/ -->\n<title>Connaissez votre avoine - Oats Everyday<\/title>\n<meta name=\"robots\" content=\"index, follow, max-snippet:-1, max-image-preview:large, max-video-preview:-1\" \/>\n<link rel=\"canonical\" href=\"https:\/\/oatseveryday.com\/fr\/connaissez-votre-avoine\/\" \/>\n<meta property=\"og:locale\" content=\"fr_FR\" \/>\n<meta property=\"og:type\" content=\"article\" \/>\n<meta property=\"og:title\" content=\"Connaissez votre avoine - Oats Everyday\" \/>\n<meta property=\"og:description\" content=\"L&rsquo;avoine la plus courante que vous trouverez dans le magasin est sous la forme de flocons d\u2019avoine. Si quelqu&rsquo;un vous a demand\u00e9 d&rsquo;imaginer l&rsquo;avoine, c&rsquo;est la forme traditionnelle qui vous saute probablement dans la t\u00eate. Les flocons d&rsquo;avoine sont des flocons d&rsquo;avoine entiers qui ont \u00e9t\u00e9 grill\u00e9s, d\u00e9cortiqu\u00e9s, cuits \u00e0 la vapeur puis roul\u00e9s. Ces&hellip;\" \/>\n<meta property=\"og:url\" content=\"https:\/\/oatseveryday.com\/fr\/connaissez-votre-avoine\/\" \/>\n<meta property=\"og:site_name\" content=\"Oats Everyday\" \/>\n<meta property=\"article:publisher\" content=\"https:\/\/www.facebook.com\/Oats-Everyday-1821481471452592\/\" \/>\n<meta property=\"article:modified_time\" content=\"2020-11-05T19:37:31+00:00\" \/>\n<meta property=\"og:image\" content=\"https:\/\/oatseveryday.com\/wp-content\/uploads\/2017\/06\/oats-everyday-logo@2x.png\" \/>\n\t<meta property=\"og:image:width\" content=\"471\" \/>\n\t<meta property=\"og:image:height\" content=\"464\" \/>\n\t<meta property=\"og:image:type\" content=\"image\/png\" \/>\n<meta name=\"twitter:card\" content=\"summary_large_image\" \/>\n<meta name=\"twitter:site\" content=\"@Oats_Everyday\" \/>\n<meta name=\"twitter:label1\" content=\"Dur\u00e9e de lecture estim\u00e9e\" \/>\n\t<meta name=\"twitter:data1\" content=\"4 minutes\" \/>\n<script type=\"application\/ld+json\" class=\"yoast-schema-graph\">{\"@context\":\"https:\\\/\\\/schema.org\",\"@graph\":[{\"@type\":\"WebPage\",\"@id\":\"https:\\\/\\\/oatseveryday.com\\\/fr\\\/connaissez-votre-avoine\\\/\",\"url\":\"https:\\\/\\\/oatseveryday.com\\\/fr\\\/connaissez-votre-avoine\\\/\",\"name\":\"Connaissez votre avoine - Oats Everyday\",\"isPartOf\":{\"@id\":\"https:\\\/\\\/oatseveryday.com\\\/fr\\\/#website\"},\"datePublished\":\"2020-10-21T19:58:51+00:00\",\"dateModified\":\"2020-11-05T19:37:31+00:00\",\"breadcrumb\":{\"@id\":\"https:\\\/\\\/oatseveryday.com\\\/fr\\\/connaissez-votre-avoine\\\/#breadcrumb\"},\"inLanguage\":\"fr-FR\",\"potentialAction\":[{\"@type\":\"ReadAction\",\"target\":[\"https:\\\/\\\/oatseveryday.com\\\/fr\\\/connaissez-votre-avoine\\\/\"]}]},{\"@type\":\"BreadcrumbList\",\"@id\":\"https:\\\/\\\/oatseveryday.com\\\/fr\\\/connaissez-votre-avoine\\\/#breadcrumb\",\"itemListElement\":[{\"@type\":\"ListItem\",\"position\":1,\"name\":\"Home\",\"item\":\"https:\\\/\\\/oatseveryday.com\\\/fr\\\/\"},{\"@type\":\"ListItem\",\"position\":2,\"name\":\"Connaissez votre avoine\"}]},{\"@type\":\"WebSite\",\"@id\":\"https:\\\/\\\/oatseveryday.com\\\/fr\\\/#website\",\"url\":\"https:\\\/\\\/oatseveryday.com\\\/fr\\\/\",\"name\":\"Oats Everyday\",\"description\":\"Delicious ways and nutritious reasons to enjoy oats with every meal, everyday! Recipes, videos, tips and information to satisfy your hunger for oats.\",\"publisher\":{\"@id\":\"https:\\\/\\\/oatseveryday.com\\\/fr\\\/#organization\"},\"potentialAction\":[{\"@type\":\"SearchAction\",\"target\":{\"@type\":\"EntryPoint\",\"urlTemplate\":\"https:\\\/\\\/oatseveryday.com\\\/fr\\\/?s={search_term_string}\"},\"query-input\":{\"@type\":\"PropertyValueSpecification\",\"valueRequired\":true,\"valueName\":\"search_term_string\"}}],\"inLanguage\":\"fr-FR\"},{\"@type\":\"Organization\",\"@id\":\"https:\\\/\\\/oatseveryday.com\\\/fr\\\/#organization\",\"name\":\"Oats Everyday\",\"url\":\"https:\\\/\\\/oatseveryday.com\\\/fr\\\/\",\"logo\":{\"@type\":\"ImageObject\",\"inLanguage\":\"fr-FR\",\"@id\":\"https:\\\/\\\/oatseveryday.com\\\/fr\\\/#\\\/schema\\\/logo\\\/image\\\/\",\"url\":\"https:\\\/\\\/oatseveryday.com\\\/wp-content\\\/uploads\\\/2017\\\/06\\\/oats-everyday-logo@2x.png\",\"contentUrl\":\"https:\\\/\\\/oatseveryday.com\\\/wp-content\\\/uploads\\\/2017\\\/06\\\/oats-everyday-logo@2x.png\",\"width\":471,\"height\":464,\"caption\":\"Oats Everyday\"},\"image\":{\"@id\":\"https:\\\/\\\/oatseveryday.com\\\/fr\\\/#\\\/schema\\\/logo\\\/image\\\/\"},\"sameAs\":[\"https:\\\/\\\/www.facebook.com\\\/Oats-Everyday-1821481471452592\\\/\",\"https:\\\/\\\/x.com\\\/Oats_Everyday\"]}]}<\/script>\n<!-- \/ Yoast SEO plugin. -->","yoast_head_json":{"title":"Connaissez votre avoine - Oats Everyday","robots":{"index":"index","follow":"follow","max-snippet":"max-snippet:-1","max-image-preview":"max-image-preview:large","max-video-preview":"max-video-preview:-1"},"canonical":"https:\/\/oatseveryday.com\/fr\/connaissez-votre-avoine\/","og_locale":"fr_FR","og_type":"article","og_title":"Connaissez votre avoine - Oats Everyday","og_description":"L&rsquo;avoine la plus courante que vous trouverez dans le magasin est sous la forme de flocons d\u2019avoine. Si quelqu&rsquo;un vous a demand\u00e9 d&rsquo;imaginer l&rsquo;avoine, c&rsquo;est la forme traditionnelle qui vous saute probablement dans la t\u00eate. Les flocons d&rsquo;avoine sont des flocons d&rsquo;avoine entiers qui ont \u00e9t\u00e9 grill\u00e9s, d\u00e9cortiqu\u00e9s, cuits \u00e0 la vapeur puis roul\u00e9s. Ces&hellip;","og_url":"https:\/\/oatseveryday.com\/fr\/connaissez-votre-avoine\/","og_site_name":"Oats Everyday","article_publisher":"https:\/\/www.facebook.com\/Oats-Everyday-1821481471452592\/","article_modified_time":"2020-11-05T19:37:31+00:00","og_image":[{"width":471,"height":464,"url":"https:\/\/oatseveryday.com\/wp-content\/uploads\/2017\/06\/oats-everyday-logo@2x.png","type":"image\/png"}],"twitter_card":"summary_large_image","twitter_site":"@Oats_Everyday","twitter_misc":{"Dur\u00e9e de lecture estim\u00e9e":"4 minutes"},"schema":{"@context":"https:\/\/schema.org","@graph":[{"@type":"WebPage","@id":"https:\/\/oatseveryday.com\/fr\/connaissez-votre-avoine\/","url":"https:\/\/oatseveryday.com\/fr\/connaissez-votre-avoine\/","name":"Connaissez votre avoine - Oats Everyday","isPartOf":{"@id":"https:\/\/oatseveryday.com\/fr\/#website"},"datePublished":"2020-10-21T19:58:51+00:00","dateModified":"2020-11-05T19:37:31+00:00","breadcrumb":{"@id":"https:\/\/oatseveryday.com\/fr\/connaissez-votre-avoine\/#breadcrumb"},"inLanguage":"fr-FR","potentialAction":[{"@type":"ReadAction","target":["https:\/\/oatseveryday.com\/fr\/connaissez-votre-avoine\/"]}]},{"@type":"BreadcrumbList","@id":"https:\/\/oatseveryday.com\/fr\/connaissez-votre-avoine\/#breadcrumb","itemListElement":[{"@type":"ListItem","position":1,"name":"Home","item":"https:\/\/oatseveryday.com\/fr\/"},{"@type":"ListItem","position":2,"name":"Connaissez votre avoine"}]},{"@type":"WebSite","@id":"https:\/\/oatseveryday.com\/fr\/#website","url":"https:\/\/oatseveryday.com\/fr\/","name":"Oats Everyday","description":"Delicious ways and nutritious reasons to enjoy oats with every meal, everyday! Recipes, videos, tips and information to satisfy your hunger for oats.","publisher":{"@id":"https:\/\/oatseveryday.com\/fr\/#organization"},"potentialAction":[{"@type":"SearchAction","target":{"@type":"EntryPoint","urlTemplate":"https:\/\/oatseveryday.com\/fr\/?s={search_term_string}"},"query-input":{"@type":"PropertyValueSpecification","valueRequired":true,"valueName":"search_term_string"}}],"inLanguage":"fr-FR"},{"@type":"Organization","@id":"https:\/\/oatseveryday.com\/fr\/#organization","name":"Oats Everyday","url":"https:\/\/oatseveryday.com\/fr\/","logo":{"@type":"ImageObject","inLanguage":"fr-FR","@id":"https:\/\/oatseveryday.com\/fr\/#\/schema\/logo\/image\/","url":"https:\/\/oatseveryday.com\/wp-content\/uploads\/2017\/06\/oats-everyday-logo@2x.png","contentUrl":"https:\/\/oatseveryday.com\/wp-content\/uploads\/2017\/06\/oats-everyday-logo@2x.png","width":471,"height":464,"caption":"Oats Everyday"},"image":{"@id":"https:\/\/oatseveryday.com\/fr\/#\/schema\/logo\/image\/"},"sameAs":["https:\/\/www.facebook.com\/Oats-Everyday-1821481471452592\/","https:\/\/x.com\/Oats_Everyday"]}]}},"_links":{"self":[{"href":"https:\/\/oatseveryday.com\/fr\/wp-json\/wp\/v2\/pages\/1308","targetHints":{"allow":["GET"]}}],"collection":[{"href":"https:\/\/oatseveryday.com\/fr\/wp-json\/wp\/v2\/pages"}],"about":[{"href":"https:\/\/oatseveryday.com\/fr\/wp-json\/wp\/v2\/types\/page"}],"author":[{"embeddable":true,"href":"https:\/\/oatseveryday.com\/fr\/wp-json\/wp\/v2\/users\/2"}],"replies":[{"embeddable":true,"href":"https:\/\/oatseveryday.com\/fr\/wp-json\/wp\/v2\/comments?post=1308"}],"version-history":[{"count":4,"href":"https:\/\/oatseveryday.com\/fr\/wp-json\/wp\/v2\/pages\/1308\/revisions"}],"predecessor-version":[{"id":1733,"href":"https:\/\/oatseveryday.com\/fr\/wp-json\/wp\/v2\/pages\/1308\/revisions\/1733"}],"wp:attachment":[{"href":"https:\/\/oatseveryday.com\/fr\/wp-json\/wp\/v2\/media?parent=1308"}],"curies":[{"name":"wp","href":"https:\/\/api.w.org\/{rel}","templated":true}]}}