{"id":1372,"date":"2020-10-27T16:05:17","date_gmt":"2020-10-27T21:05:17","guid":{"rendered":"https:\/\/oatseveryday.com\/questions-frequentes\/"},"modified":"2025-10-28T15:35:37","modified_gmt":"2025-10-28T20:35:37","slug":"questions-frequentes","status":"publish","type":"page","link":"https:\/\/oatseveryday.com\/fr\/questions-frequentes\/","title":{"rendered":"Questions fr\u00e9quentes"},"content":{"rendered":"\n<figure class=\"wp-block-image alignright size-large is-resized\"><img loading=\"lazy\" decoding=\"async\" width=\"1024\" height=\"524\" src=\"https:\/\/oatseveryday.com\/wp-content\/uploads\/2025\/10\/oats-faq-min-1024x524.jpg\" alt=\"\" class=\"wp-image-3538\" style=\"width:649px;height:auto\" srcset=\"https:\/\/oatseveryday.com\/wp-content\/uploads\/2025\/10\/oats-faq-min-1024x524.jpg 1024w, https:\/\/oatseveryday.com\/wp-content\/uploads\/2025\/10\/oats-faq-min-300x154.jpg 300w, https:\/\/oatseveryday.com\/wp-content\/uploads\/2025\/10\/oats-faq-min-768x393.jpg 768w, https:\/\/oatseveryday.com\/wp-content\/uploads\/2025\/10\/oats-faq-min.jpg 1230w\" sizes=\"auto, (max-width: 1024px) 100vw, 1024px\" \/><\/figure>\n\n\n\n<h3 class=\"wp-block-heading\"><strong>L&rsquo;avoine est-elle OGM?<\/strong><\/h3>\n\n\n\n<p>Il n&rsquo;y a <a href=\"https:\/\/gmoanswers.com\/ask\/are-oats-gmos\">pas d&rsquo;avoine g\u00e9n\u00e9tiquement modifi\u00e9e<\/a>.<\/p>\n\n\n\n<h3 class=\"wp-block-heading\"><strong>L&rsquo;avoine est-elle sans gluten?<\/strong><\/h3>\n\n\n\n<p>L&rsquo;avoine est par nature sans gluten. Cependant, l&rsquo;avoine peut entrer en contact avec des c\u00e9r\u00e9ales contenant du gluten comme le bl\u00e9, le seigle ou l&rsquo;orge <a href=\"https:\/\/www.quakeroats.com\/about-quaker-oats\/content\/quaker-faq-gluten-free\">pendant la culture, le transport ou le stockage<\/a>. Pour \u00eatre consid\u00e9r\u00e9e comme un produit sans gluten, l&rsquo;avoine doit r\u00e9pondre \u00e0 <a href=\"https:\/\/www.fda.gov\/Food\/GuidanceRegulation\/GuidanceDocumentsRegulatoryInformation\/Allergens\/ucm367654.htm\">une norme \u00e9tablie par la Food and Drug Administration des Etats-Unis<\/a>. Si vous \u00e9vitez le gluten, choisissez de l&rsquo;avoine \u00e9tiquet\u00e9e \u00absans gluten\u00bb. Visitez notre page <a href=\"https:\/\/oatseveryday.com\/fr\/lavoine-et-votre-sante\/\">Avoine et votre sant\u00e9<\/a> pour en savoir plus sur l&rsquo;inclusion de l&rsquo;avoine dans un r\u00e9gime sans gluten.<\/p>\n\n\n\n<h3 class=\"wp-block-heading\"><strong>L&rsquo;avoine r\u00e9duit-elle le cholest\u00e9rol?<\/strong><\/h3>\n\n\n\n<p>Il a \u00e9t\u00e9 d\u00e9montr\u00e9 que deux portions d&rsquo;avoine par jour <a href=\"https:\/\/www.nejm.org\/doi\/full\/10.1056\/NEJM199001183220302#t=article\">r\u00e9duisent le cholest\u00e9rol de 3% de plus qu&rsquo;un r\u00e9gime faible en gras seul<\/a>. Des \u00e9tudes montrent maintenant que l&rsquo;avoine peut \u00e9galement <a href=\"https:\/\/www.sciencedaily.com\/releases\/2016\/10\/161007085247.htm\">aider \u00e0 r\u00e9duire le cholest\u00e9rol non HDL<\/a> et la prot\u00e9ine porteuse de cholest\u00e9rol, l&rsquo;apolipoprot\u00e9ine B. Visitez notre page <a href=\"https:\/\/oatseveryday.com\/fr\/lavoine-et-votre-sante\/\">Avoine et votre sant\u00e9<\/a> pour en savoir plus sur les propri\u00e9t\u00e9s anti-cholest\u00e9rol de l&rsquo;avoine, ainsi que des informations sur la sant\u00e9 du coeur.<\/p>\n\n\n\n<h3 class=\"wp-block-heading\"><strong>L&rsquo;avoine convient-elle aux diab\u00e9tiques?<\/strong><\/h3>\n\n\n\n<p>L&rsquo;avoine est <a href=\"https:\/\/www.livestrong.com\/article\/313683-what-is-the-glycemic-index-of-oatmeal\/\">plus basse sur l&rsquo;\u00e9chelle de l&rsquo;indice glyc\u00e9mique (IG) que les autres grains f\u00e9culents<\/a>. <a href=\"https:\/\/oatseveryday.com\/fr\/connaissez-votre-avoine\/#oat-groats\">Les gruaux d&rsquo;avoine<\/a>, <a href=\"https:\/\/oatseveryday.com\/know-your-oats-2\/#steel-cut-oats\">le boulgour d\u2019avoine<\/a> et <a href=\"https:\/\/oatseveryday.com\/know-your-oats-2\/#rolled-oats\">les flocons d&rsquo;avoine<\/a> sont consid\u00e9r\u00e9s <a href=\"https:\/\/www.diabetes.org\/nutrition\">comme des aliments \u00e0 IG faible \u00e0 moyen<\/a>. L&rsquo;avoine s&rsquo;est av\u00e9r\u00e9e utile pour <a href=\"https:\/\/www.livestrong.com\/article\/19214-effects-oatmeal-blood-glucose\/\">am\u00e9liorer le contr\u00f4le de la glyc\u00e9mie<\/a> et <a href=\"https:\/\/www.ncbi.nlm.nih.gov\/pmc\/articles\/PMC4690088\/\">abaisser la glyc\u00e9mie chez les personnes atteintes de diab\u00e8te de type 2<\/a>. Visitez notre page <a href=\"https:\/\/oatseveryday.com\/fr\/lavoine-et-votre-sante\/\">Avoine et votre sant\u00e9<\/a> pour en savoir plus sur l&rsquo;indice glyc\u00e9mique et inclure l&rsquo;avoine dans votre alimentation adapt\u00e9e au diab\u00e8te.<\/p>\n\n\n\n<h3 class=\"wp-block-heading\"><strong>Dois-je manger de l&rsquo;avoine si j&rsquo;essaie de perdre du poids?<\/strong><\/h3>\n\n\n\n<p>La fibre soluble dans l&rsquo;avoine absorbe l&rsquo;eau et se dilate pour prendre de la place dans votre estomac, apaisant la faim et procurant une sensation de sati\u00e9t\u00e9. De plus, l&rsquo;avoine se dig\u00e8re lentement, prolongeant cette sensation de sati\u00e9t\u00e9 et supprimant l&rsquo;envie de manger avant le prochain repas. Des \u00e9tudes ont montr\u00e9 que les personnes qui <a href=\"https:\/\/pubmed.ncbi.nlm.nih.gov\/21147364\/\">incluent des grains entiers, y compris l&rsquo;avoine, dans leur alimentation ont tendance \u00e0 avoir un poids inf\u00e9rieur<\/a>. Visitez notre page Avoine et votre sant\u00e9 pour en savoir plus sur l&rsquo;utilisation de l&rsquo;avoine pour le contr\u00f4le de l&rsquo;app\u00e9tit et la gestion du poids.<\/p>\n\n\n\n<h3 class=\"wp-block-heading\"><strong>L&rsquo;avoine contient-elle des prot\u00e9ines?<\/strong><\/h3>\n\n\n\n<p>L&rsquo;avoine contient <a href=\"https:\/\/pubmed.ncbi.nlm.nih.gov\/22530714\/\">plus de prot\u00e9ines que la plupart des autres c\u00e9r\u00e9ales<\/a> courantes et fait partie int\u00e9grante d&rsquo;un mode de vie actif. Bien que n&rsquo;\u00e9tant pas une prot\u00e9ine compl\u00e8te en soi, l&rsquo;avoine peut \u00eatre consomm\u00e9e ou pr\u00e9par\u00e9e avec des produits laitiers, par exemple, pour <a href=\"https:\/\/www.livestrong.com\/article\/398372-oatmeal-nutrition-protein\/\">cr\u00e9er un repas riche en prot\u00e9ines<\/a>. Visitez notre page <a href=\"https:\/\/oatseveryday.com\/fr\/lavoine-et-votre-sante\/\">Avoine et votre sant\u00e9<\/a> pour en savoir plus sur l&rsquo;avoine et les prot\u00e9ines. &nbsp; &nbsp;<\/p>\n","protected":false},"excerpt":{"rendered":"<p>L&rsquo;avoine est-elle OGM? Il n&rsquo;y a pas d&rsquo;avoine g\u00e9n\u00e9tiquement modifi\u00e9e. L&rsquo;avoine est-elle sans gluten? L&rsquo;avoine est par nature sans gluten. Cependant, l&rsquo;avoine peut entrer en contact avec des c\u00e9r\u00e9ales contenant du gluten comme le bl\u00e9, le seigle ou l&rsquo;orge pendant la culture, le transport ou le stockage. Pour \u00eatre consid\u00e9r\u00e9e comme un produit sans gluten,&hellip;<\/p>\n","protected":false},"author":2,"featured_media":0,"parent":0,"menu_order":0,"comment_status":"closed","ping_status":"closed","template":"templates\/no-sidebar.php","meta":{"wprm-recipe-roundup-name":"","wprm-recipe-roundup-description":"","footnotes":""},"class_list":["post-1372","page","type-page","status-publish","hentry","entry","no-media"],"yoast_head":"<!-- This site is optimized with the Yoast SEO plugin v27.3 - https:\/\/yoast.com\/product\/yoast-seo-wordpress\/ -->\n<title>Questions fr\u00e9quentes - Oats Everyday<\/title>\n<meta name=\"description\" content=\"Vous avez une question sur l&#039;inclusion quotidienne de l&#039;avoine dans votre alimentation? Consultez la FAQ sur \u2018\u2019l&#039;avoine chaque jour\u2019\u2019 pour obtenir des r\u00e9ponses et d\u00e9couvrir pourquoi c&#039;est une excellente id\u00e9e.\" \/>\n<meta name=\"robots\" content=\"index, follow, max-snippet:-1, max-image-preview:large, max-video-preview:-1\" \/>\n<link rel=\"canonical\" href=\"https:\/\/oatseveryday.com\/fr\/questions-frequentes\/\" \/>\n<meta property=\"og:locale\" content=\"fr_FR\" \/>\n<meta property=\"og:type\" content=\"article\" \/>\n<meta property=\"og:title\" content=\"Questions fr\u00e9quentes - Oats Everyday\" \/>\n<meta property=\"og:description\" content=\"Vous avez une question sur l&#039;inclusion quotidienne de l&#039;avoine dans votre alimentation? Consultez la FAQ sur \u2018\u2019l&#039;avoine chaque jour\u2019\u2019 pour obtenir des r\u00e9ponses et d\u00e9couvrir pourquoi c&#039;est une excellente id\u00e9e.\" \/>\n<meta property=\"og:url\" content=\"https:\/\/oatseveryday.com\/fr\/questions-frequentes\/\" \/>\n<meta property=\"og:site_name\" content=\"Oats Everyday\" \/>\n<meta property=\"article:publisher\" content=\"https:\/\/www.facebook.com\/Oats-Everyday-1821481471452592\/\" \/>\n<meta property=\"article:modified_time\" content=\"2025-10-28T20:35:37+00:00\" \/>\n<meta property=\"og:image\" content=\"https:\/\/oatseveryday.com\/wp-content\/uploads\/2025\/10\/oats-faq-min-1024x524.jpg\" \/>\n<meta name=\"twitter:card\" content=\"summary_large_image\" \/>\n<meta name=\"twitter:site\" content=\"@Oats_Everyday\" \/>\n<meta name=\"twitter:label1\" content=\"Dur\u00e9e de lecture estim\u00e9e\" \/>\n\t<meta name=\"twitter:data1\" content=\"3 minutes\" \/>\n<script type=\"application\/ld+json\" class=\"yoast-schema-graph\">{\"@context\":\"https:\\\/\\\/schema.org\",\"@graph\":[{\"@type\":\"WebPage\",\"@id\":\"https:\\\/\\\/oatseveryday.com\\\/fr\\\/questions-frequentes\\\/\",\"url\":\"https:\\\/\\\/oatseveryday.com\\\/fr\\\/questions-frequentes\\\/\",\"name\":\"Questions fr\u00e9quentes - Oats Everyday\",\"isPartOf\":{\"@id\":\"https:\\\/\\\/oatseveryday.com\\\/fr\\\/#website\"},\"primaryImageOfPage\":{\"@id\":\"https:\\\/\\\/oatseveryday.com\\\/fr\\\/questions-frequentes\\\/#primaryimage\"},\"image\":{\"@id\":\"https:\\\/\\\/oatseveryday.com\\\/fr\\\/questions-frequentes\\\/#primaryimage\"},\"thumbnailUrl\":\"https:\\\/\\\/oatseveryday.com\\\/wp-content\\\/uploads\\\/2025\\\/10\\\/oats-faq-min-1024x524.jpg\",\"datePublished\":\"2020-10-27T21:05:17+00:00\",\"dateModified\":\"2025-10-28T20:35:37+00:00\",\"description\":\"Vous avez une question sur l'inclusion quotidienne de l'avoine dans votre alimentation? Consultez la FAQ sur \u2018\u2019l'avoine chaque jour\u2019\u2019 pour obtenir des r\u00e9ponses et d\u00e9couvrir pourquoi c'est une excellente id\u00e9e.\",\"breadcrumb\":{\"@id\":\"https:\\\/\\\/oatseveryday.com\\\/fr\\\/questions-frequentes\\\/#breadcrumb\"},\"inLanguage\":\"fr-FR\",\"potentialAction\":[{\"@type\":\"ReadAction\",\"target\":[\"https:\\\/\\\/oatseveryday.com\\\/fr\\\/questions-frequentes\\\/\"]}]},{\"@type\":\"ImageObject\",\"inLanguage\":\"fr-FR\",\"@id\":\"https:\\\/\\\/oatseveryday.com\\\/fr\\\/questions-frequentes\\\/#primaryimage\",\"url\":\"https:\\\/\\\/oatseveryday.com\\\/wp-content\\\/uploads\\\/2025\\\/10\\\/oats-faq-min-1024x524.jpg\",\"contentUrl\":\"https:\\\/\\\/oatseveryday.com\\\/wp-content\\\/uploads\\\/2025\\\/10\\\/oats-faq-min-1024x524.jpg\"},{\"@type\":\"BreadcrumbList\",\"@id\":\"https:\\\/\\\/oatseveryday.com\\\/fr\\\/questions-frequentes\\\/#breadcrumb\",\"itemListElement\":[{\"@type\":\"ListItem\",\"position\":1,\"name\":\"Home\",\"item\":\"https:\\\/\\\/oatseveryday.com\\\/fr\\\/\"},{\"@type\":\"ListItem\",\"position\":2,\"name\":\"Questions fr\u00e9quentes\"}]},{\"@type\":\"WebSite\",\"@id\":\"https:\\\/\\\/oatseveryday.com\\\/fr\\\/#website\",\"url\":\"https:\\\/\\\/oatseveryday.com\\\/fr\\\/\",\"name\":\"Oats Everyday\",\"description\":\"Delicious ways and nutritious reasons to enjoy oats with every meal, everyday! Recipes, videos, tips and information to satisfy your hunger for oats.\",\"publisher\":{\"@id\":\"https:\\\/\\\/oatseveryday.com\\\/fr\\\/#organization\"},\"potentialAction\":[{\"@type\":\"SearchAction\",\"target\":{\"@type\":\"EntryPoint\",\"urlTemplate\":\"https:\\\/\\\/oatseveryday.com\\\/fr\\\/?s={search_term_string}\"},\"query-input\":{\"@type\":\"PropertyValueSpecification\",\"valueRequired\":true,\"valueName\":\"search_term_string\"}}],\"inLanguage\":\"fr-FR\"},{\"@type\":\"Organization\",\"@id\":\"https:\\\/\\\/oatseveryday.com\\\/fr\\\/#organization\",\"name\":\"Oats Everyday\",\"url\":\"https:\\\/\\\/oatseveryday.com\\\/fr\\\/\",\"logo\":{\"@type\":\"ImageObject\",\"inLanguage\":\"fr-FR\",\"@id\":\"https:\\\/\\\/oatseveryday.com\\\/fr\\\/#\\\/schema\\\/logo\\\/image\\\/\",\"url\":\"https:\\\/\\\/oatseveryday.com\\\/wp-content\\\/uploads\\\/2017\\\/06\\\/oats-everyday-logo@2x.png\",\"contentUrl\":\"https:\\\/\\\/oatseveryday.com\\\/wp-content\\\/uploads\\\/2017\\\/06\\\/oats-everyday-logo@2x.png\",\"width\":471,\"height\":464,\"caption\":\"Oats Everyday\"},\"image\":{\"@id\":\"https:\\\/\\\/oatseveryday.com\\\/fr\\\/#\\\/schema\\\/logo\\\/image\\\/\"},\"sameAs\":[\"https:\\\/\\\/www.facebook.com\\\/Oats-Everyday-1821481471452592\\\/\",\"https:\\\/\\\/x.com\\\/Oats_Everyday\"]}]}<\/script>\n<!-- \/ Yoast SEO plugin. -->","yoast_head_json":{"title":"Questions fr\u00e9quentes - Oats Everyday","description":"Vous avez une question sur l'inclusion quotidienne de l'avoine dans votre alimentation? Consultez la FAQ sur \u2018\u2019l'avoine chaque jour\u2019\u2019 pour obtenir des r\u00e9ponses et d\u00e9couvrir pourquoi c'est une excellente id\u00e9e.","robots":{"index":"index","follow":"follow","max-snippet":"max-snippet:-1","max-image-preview":"max-image-preview:large","max-video-preview":"max-video-preview:-1"},"canonical":"https:\/\/oatseveryday.com\/fr\/questions-frequentes\/","og_locale":"fr_FR","og_type":"article","og_title":"Questions fr\u00e9quentes - Oats Everyday","og_description":"Vous avez une question sur l'inclusion quotidienne de l'avoine dans votre alimentation? Consultez la FAQ sur \u2018\u2019l'avoine chaque jour\u2019\u2019 pour obtenir des r\u00e9ponses et d\u00e9couvrir pourquoi c'est une excellente id\u00e9e.","og_url":"https:\/\/oatseveryday.com\/fr\/questions-frequentes\/","og_site_name":"Oats Everyday","article_publisher":"https:\/\/www.facebook.com\/Oats-Everyday-1821481471452592\/","article_modified_time":"2025-10-28T20:35:37+00:00","og_image":[{"url":"https:\/\/oatseveryday.com\/wp-content\/uploads\/2025\/10\/oats-faq-min-1024x524.jpg","type":"","width":"","height":""}],"twitter_card":"summary_large_image","twitter_site":"@Oats_Everyday","twitter_misc":{"Dur\u00e9e de lecture estim\u00e9e":"3 minutes"},"schema":{"@context":"https:\/\/schema.org","@graph":[{"@type":"WebPage","@id":"https:\/\/oatseveryday.com\/fr\/questions-frequentes\/","url":"https:\/\/oatseveryday.com\/fr\/questions-frequentes\/","name":"Questions fr\u00e9quentes - Oats Everyday","isPartOf":{"@id":"https:\/\/oatseveryday.com\/fr\/#website"},"primaryImageOfPage":{"@id":"https:\/\/oatseveryday.com\/fr\/questions-frequentes\/#primaryimage"},"image":{"@id":"https:\/\/oatseveryday.com\/fr\/questions-frequentes\/#primaryimage"},"thumbnailUrl":"https:\/\/oatseveryday.com\/wp-content\/uploads\/2025\/10\/oats-faq-min-1024x524.jpg","datePublished":"2020-10-27T21:05:17+00:00","dateModified":"2025-10-28T20:35:37+00:00","description":"Vous avez une question sur l'inclusion quotidienne de l'avoine dans votre alimentation? Consultez la FAQ sur \u2018\u2019l'avoine chaque jour\u2019\u2019 pour obtenir des r\u00e9ponses et d\u00e9couvrir pourquoi c'est une excellente id\u00e9e.","breadcrumb":{"@id":"https:\/\/oatseveryday.com\/fr\/questions-frequentes\/#breadcrumb"},"inLanguage":"fr-FR","potentialAction":[{"@type":"ReadAction","target":["https:\/\/oatseveryday.com\/fr\/questions-frequentes\/"]}]},{"@type":"ImageObject","inLanguage":"fr-FR","@id":"https:\/\/oatseveryday.com\/fr\/questions-frequentes\/#primaryimage","url":"https:\/\/oatseveryday.com\/wp-content\/uploads\/2025\/10\/oats-faq-min-1024x524.jpg","contentUrl":"https:\/\/oatseveryday.com\/wp-content\/uploads\/2025\/10\/oats-faq-min-1024x524.jpg"},{"@type":"BreadcrumbList","@id":"https:\/\/oatseveryday.com\/fr\/questions-frequentes\/#breadcrumb","itemListElement":[{"@type":"ListItem","position":1,"name":"Home","item":"https:\/\/oatseveryday.com\/fr\/"},{"@type":"ListItem","position":2,"name":"Questions fr\u00e9quentes"}]},{"@type":"WebSite","@id":"https:\/\/oatseveryday.com\/fr\/#website","url":"https:\/\/oatseveryday.com\/fr\/","name":"Oats Everyday","description":"Delicious ways and nutritious reasons to enjoy oats with every meal, everyday! Recipes, videos, tips and information to satisfy your hunger for oats.","publisher":{"@id":"https:\/\/oatseveryday.com\/fr\/#organization"},"potentialAction":[{"@type":"SearchAction","target":{"@type":"EntryPoint","urlTemplate":"https:\/\/oatseveryday.com\/fr\/?s={search_term_string}"},"query-input":{"@type":"PropertyValueSpecification","valueRequired":true,"valueName":"search_term_string"}}],"inLanguage":"fr-FR"},{"@type":"Organization","@id":"https:\/\/oatseveryday.com\/fr\/#organization","name":"Oats Everyday","url":"https:\/\/oatseveryday.com\/fr\/","logo":{"@type":"ImageObject","inLanguage":"fr-FR","@id":"https:\/\/oatseveryday.com\/fr\/#\/schema\/logo\/image\/","url":"https:\/\/oatseveryday.com\/wp-content\/uploads\/2017\/06\/oats-everyday-logo@2x.png","contentUrl":"https:\/\/oatseveryday.com\/wp-content\/uploads\/2017\/06\/oats-everyday-logo@2x.png","width":471,"height":464,"caption":"Oats Everyday"},"image":{"@id":"https:\/\/oatseveryday.com\/fr\/#\/schema\/logo\/image\/"},"sameAs":["https:\/\/www.facebook.com\/Oats-Everyday-1821481471452592\/","https:\/\/x.com\/Oats_Everyday"]}]}},"_links":{"self":[{"href":"https:\/\/oatseveryday.com\/fr\/wp-json\/wp\/v2\/pages\/1372","targetHints":{"allow":["GET"]}}],"collection":[{"href":"https:\/\/oatseveryday.com\/fr\/wp-json\/wp\/v2\/pages"}],"about":[{"href":"https:\/\/oatseveryday.com\/fr\/wp-json\/wp\/v2\/types\/page"}],"author":[{"embeddable":true,"href":"https:\/\/oatseveryday.com\/fr\/wp-json\/wp\/v2\/users\/2"}],"replies":[{"embeddable":true,"href":"https:\/\/oatseveryday.com\/fr\/wp-json\/wp\/v2\/comments?post=1372"}],"version-history":[{"count":5,"href":"https:\/\/oatseveryday.com\/fr\/wp-json\/wp\/v2\/pages\/1372\/revisions"}],"predecessor-version":[{"id":3539,"href":"https:\/\/oatseveryday.com\/fr\/wp-json\/wp\/v2\/pages\/1372\/revisions\/3539"}],"wp:attachment":[{"href":"https:\/\/oatseveryday.com\/fr\/wp-json\/wp\/v2\/media?parent=1372"}],"curies":[{"name":"wp","href":"https:\/\/api.w.org\/{rel}","templated":true}]}}