{"id":1734,"date":"2020-11-06T10:10:53","date_gmt":"2020-11-06T16:10:53","guid":{"rendered":"https:\/\/oatseveryday.com\/regarder-des-recettes\/"},"modified":"2020-11-06T10:15:44","modified_gmt":"2020-11-06T16:15:44","slug":"regarder-des-recettes","status":"publish","type":"page","link":"https:\/\/oatseveryday.com\/fr\/regarder-des-recettes\/","title":{"rendered":"Regarder des recettes"},"content":{"rendered":"<div class=\"epyt-gallery  epyt-lb\" data-currpage=\"1\" id=\"epyt_gallery_85432\"><div class=\"lity-hide\"><div class=\"epyt-video-wrapper\"><iframe  id=\"_ytid_85230\"  width=\"980\" height=\"551\"  data-origwidth=\"980\" data-origheight=\"551\" data-lbsrc=\"https:\/\/www.youtube.com\/embed\/qNlUW7vI2T0?enablejsapi=1&origin=https:\/\/oatseveryday.com&autoplay=0&cc_load_policy=0&cc_lang_pref=&iv_load_policy=1&loop=0&rel=1&fs=1&playsinline=0&autohide=2&theme=dark&color=red&controls=1&disablekb=0&\" class=\"__youtube_prefs__  epyt-lbif no-lazyload\" title=\"Recettes fran\u00e7aises\"  data-epytgalleryid=\"epyt_gallery_85432\"  allow=\"fullscreen; accelerometer; autoplay; clipboard-write; encrypted-media; gyroscope; picture-in-picture; web-share\" referrerpolicy=\"strict-origin-when-cross-origin\" allowfullscreen data-no-lazy=\"1\" data-skipgform_ajax_framebjll=\"\"><\/iframe><\/div><\/div><div class=\"epyt-gallery-list epyt-gallery-style-grid\"><div class=\"epyt-pagination \"><div tabindex=\"0\" role=\"button\" class=\"epyt-pagebutton epyt-prev  hide \" data-playlistid=\"PLGaEyUGlXbInrbWjtaMRnN2XjYLqN4cdO\" data-pagesize=\"15\" data-pagetoken=\"\" data-style=\"grid\" data-epcolumns=\"3\" data-showtitle=\"1\" data-showpaging=\"1\" data-autonext=\"0\" data-hidethumbimg=\"0\" data-thumbplay=\"0\"><div class=\"epyt-arrow\">&laquo;<\/div> <div>Prev<\/div><\/div><div class=\"epyt-pagenumbers \"><div class=\"epyt-current\">1<\/div><div class=\"epyt-pageseparator\"> \/ <\/div><div class=\"epyt-totalpages\">8<\/div><\/div><div tabindex=\"0\" role=\"button\" class=\"epyt-pagebutton epyt-next\" data-playlistid=\"PLGaEyUGlXbInrbWjtaMRnN2XjYLqN4cdO\" data-pagesize=\"15\" data-pagetoken=\"EAAaHlBUOkNBOGlFRVJCUVRVMU1VTkdOekF3T0RRMFF6TQ\" data-style=\"grid\" data-epcolumns=\"3\" data-showtitle=\"1\" data-showpaging=\"1\" data-autonext=\"0\" data-hidethumbimg=\"0\" data-thumbplay=\"0\"><div>Next<\/div> <div class=\"epyt-arrow\">&raquo;<\/div><\/div><div class=\"epyt-loader\"><img alt=\"loading\" width=\"16\" height=\"11\" src=\"https:\/\/oatseveryday.com\/wp-content\/plugins\/youtube-embed-plus-pro\/images\/gallery-page-loader.gif\"><\/div><\/div><div class=\"epyt-gallery-allthumbs  epyt-cols-3 \"><div tabindex=\"0\" role=\"button\" data-videoid=\"qNlUW7vI2T0\" class=\"epyt-gallery-thumb \" ><div class=\"epyt-gallery-img-box\"><div class=\"epyt-gallery-img\" style=\"background-image: url(https:\/\/i.ytimg.com\/vi\/qNlUW7vI2T0\/hqdefault.jpg)\"><div class=\"epyt-gallery-playhover\"><img alt=\"play\" class=\"epyt-play-img\" width=\"30\" height=\"23\" src=\"https:\/\/oatseveryday.com\/wp-content\/plugins\/youtube-embed-plus-pro\/images\/playhover.png\" data-no-lazy=\"1\" data-skipgform_ajax_framebjll=\"\" \/><div class=\"epyt-gallery-playcrutch\"><\/div><\/div><\/div><\/div><div class=\"epyt-gallery-title\">Pain d\u2019avoine \u00e0 la banana<\/div><\/div><div tabindex=\"0\" role=\"button\" data-videoid=\"1IGWT9xNYF4\" class=\"epyt-gallery-thumb \" ><div class=\"epyt-gallery-img-box\"><div class=\"epyt-gallery-img\" style=\"background-image: url(https:\/\/i.ytimg.com\/vi\/1IGWT9xNYF4\/hqdefault.jpg)\"><div class=\"epyt-gallery-playhover\"><img alt=\"play\" class=\"epyt-play-img\" width=\"30\" height=\"23\" src=\"https:\/\/oatseveryday.com\/wp-content\/plugins\/youtube-embed-plus-pro\/images\/playhover.png\" data-no-lazy=\"1\" data-skipgform_ajax_framebjll=\"\" \/><div class=\"epyt-gallery-playcrutch\"><\/div><\/div><\/div><\/div><div class=\"epyt-gallery-title\">Buns d\u2019avoine au miel<\/div><\/div><div tabindex=\"0\" role=\"button\" data-videoid=\"-x4es1gb2io\" class=\"epyt-gallery-thumb \" ><div class=\"epyt-gallery-img-box\"><div class=\"epyt-gallery-img\" style=\"background-image: url(https:\/\/i.ytimg.com\/vi\/-x4es1gb2io\/hqdefault.jpg)\"><div class=\"epyt-gallery-playhover\"><img alt=\"play\" class=\"epyt-play-img\" width=\"30\" height=\"23\" src=\"https:\/\/oatseveryday.com\/wp-content\/plugins\/youtube-embed-plus-pro\/images\/playhover.png\" data-no-lazy=\"1\" data-skipgform_ajax_framebjll=\"\" \/><div class=\"epyt-gallery-playcrutch\"><\/div><\/div><\/div><\/div><div class=\"epyt-gallery-title\">Quatre delicieux smoothies \u00e0 l\u2019avoine<\/div><\/div><div class=\"epyt-gallery-rowbreak\"><\/div><div tabindex=\"0\" role=\"button\" data-videoid=\"w8J6jsftwho\" class=\"epyt-gallery-thumb \" ><div class=\"epyt-gallery-img-box\"><div class=\"epyt-gallery-img\" style=\"background-image: url(https:\/\/i.ytimg.com\/vi\/w8J6jsftwho\/hqdefault.jpg)\"><div class=\"epyt-gallery-playhover\"><img alt=\"play\" class=\"epyt-play-img\" width=\"30\" height=\"23\" src=\"https:\/\/oatseveryday.com\/wp-content\/plugins\/youtube-embed-plus-pro\/images\/playhover.png\" data-no-lazy=\"1\" data-skipgform_ajax_framebjll=\"\" \/><div class=\"epyt-gallery-playcrutch\"><\/div><\/div><\/div><\/div><div class=\"epyt-gallery-title\">Pilaf d\u2019avoine dor\u00e9e<\/div><\/div><div tabindex=\"0\" role=\"button\" data-videoid=\"QC6yDsptbu4\" class=\"epyt-gallery-thumb \" ><div class=\"epyt-gallery-img-box\"><div class=\"epyt-gallery-img\" style=\"background-image: url(https:\/\/i.ytimg.com\/vi\/QC6yDsptbu4\/hqdefault.jpg)\"><div class=\"epyt-gallery-playhover\"><img alt=\"play\" class=\"epyt-play-img\" width=\"30\" height=\"23\" src=\"https:\/\/oatseveryday.com\/wp-content\/plugins\/youtube-embed-plus-pro\/images\/playhover.png\" data-no-lazy=\"1\" data-skipgform_ajax_framebjll=\"\" \/><div class=\"epyt-gallery-playcrutch\"><\/div><\/div><\/div><\/div><div class=\"epyt-gallery-title\">Champignons farcis \u00e0 la m\u00e9titerran\u00e9e<\/div><\/div><div tabindex=\"0\" role=\"button\" data-videoid=\"BE0Z3S0_QSE\" class=\"epyt-gallery-thumb \" ><div class=\"epyt-gallery-img-box\"><div class=\"epyt-gallery-img\" style=\"background-image: url(https:\/\/i.ytimg.com\/vi\/BE0Z3S0_QSE\/hqdefault.jpg)\"><div class=\"epyt-gallery-playhover\"><img alt=\"play\" class=\"epyt-play-img\" width=\"30\" height=\"23\" src=\"https:\/\/oatseveryday.com\/wp-content\/plugins\/youtube-embed-plus-pro\/images\/playhover.png\" data-no-lazy=\"1\" data-skipgform_ajax_framebjll=\"\" \/><div class=\"epyt-gallery-playcrutch\"><\/div><\/div><\/div><\/div><div class=\"epyt-gallery-title\">Avoine au bacon et cheddar<\/div><\/div><div class=\"epyt-gallery-rowbreak\"><\/div><div tabindex=\"0\" role=\"button\" data-videoid=\"W4RLOQL7n5w\" class=\"epyt-gallery-thumb \" ><div class=\"epyt-gallery-img-box\"><div class=\"epyt-gallery-img\" style=\"background-image: url(https:\/\/i.ytimg.com\/vi\/W4RLOQL7n5w\/hqdefault.jpg)\"><div class=\"epyt-gallery-playhover\"><img alt=\"play\" class=\"epyt-play-img\" width=\"30\" height=\"23\" src=\"https:\/\/oatseveryday.com\/wp-content\/plugins\/youtube-embed-plus-pro\/images\/playhover.png\" data-no-lazy=\"1\" data-skipgform_ajax_framebjll=\"\" \/><div class=\"epyt-gallery-playcrutch\"><\/div><\/div><\/div><\/div><div class=\"epyt-gallery-title\">Gaufres de babeurre \u00e0 l\u2019avoine<\/div><\/div><div tabindex=\"0\" role=\"button\" data-videoid=\"yJPzoa3aw60\" class=\"epyt-gallery-thumb \" ><div class=\"epyt-gallery-img-box\"><div class=\"epyt-gallery-img\" style=\"background-image: url(https:\/\/i.ytimg.com\/vi\/yJPzoa3aw60\/hqdefault.jpg)\"><div class=\"epyt-gallery-playhover\"><img alt=\"play\" class=\"epyt-play-img\" width=\"30\" height=\"23\" src=\"https:\/\/oatseveryday.com\/wp-content\/plugins\/youtube-embed-plus-pro\/images\/playhover.png\" data-no-lazy=\"1\" data-skipgform_ajax_framebjll=\"\" \/><div class=\"epyt-gallery-playcrutch\"><\/div><\/div><\/div><\/div><div class=\"epyt-gallery-title\">Soupe cr\u00e9meuse aux l\u00e9gumes<\/div><\/div><div tabindex=\"0\" role=\"button\" data-videoid=\"QLLNrn4rwU4\" class=\"epyt-gallery-thumb \" ><div class=\"epyt-gallery-img-box\"><div class=\"epyt-gallery-img\" style=\"background-image: url(https:\/\/i.ytimg.com\/vi\/QLLNrn4rwU4\/hqdefault.jpg)\"><div class=\"epyt-gallery-playhover\"><img alt=\"play\" class=\"epyt-play-img\" width=\"30\" height=\"23\" src=\"https:\/\/oatseveryday.com\/wp-content\/plugins\/youtube-embed-plus-pro\/images\/playhover.png\" data-no-lazy=\"1\" data-skipgform_ajax_framebjll=\"\" \/><div class=\"epyt-gallery-playcrutch\"><\/div><\/div><\/div><\/div><div class=\"epyt-gallery-title\">Risotto d\u2019avoine au parmesan et aux pois<\/div><\/div><div class=\"epyt-gallery-rowbreak\"><\/div><div tabindex=\"0\" role=\"button\" data-videoid=\"AqneA5H2kXo\" class=\"epyt-gallery-thumb \" ><div class=\"epyt-gallery-img-box\"><div class=\"epyt-gallery-img\" style=\"background-image: url(https:\/\/i.ytimg.com\/vi\/AqneA5H2kXo\/hqdefault.jpg)\"><div class=\"epyt-gallery-playhover\"><img alt=\"play\" class=\"epyt-play-img\" width=\"30\" height=\"23\" src=\"https:\/\/oatseveryday.com\/wp-content\/plugins\/youtube-embed-plus-pro\/images\/playhover.png\" data-no-lazy=\"1\" data-skipgform_ajax_framebjll=\"\" \/><div class=\"epyt-gallery-playcrutch\"><\/div><\/div><\/div><\/div><div class=\"epyt-gallery-title\">Pilaf d\u2019avoine avec noix, raisins secs et feta<\/div><\/div><div tabindex=\"0\" role=\"button\" data-videoid=\"rOaDcDr44Yw\" class=\"epyt-gallery-thumb \" ><div class=\"epyt-gallery-img-box\"><div class=\"epyt-gallery-img\" style=\"background-image: url(https:\/\/i.ytimg.com\/vi\/rOaDcDr44Yw\/hqdefault.jpg)\"><div class=\"epyt-gallery-playhover\"><img alt=\"play\" class=\"epyt-play-img\" width=\"30\" height=\"23\" src=\"https:\/\/oatseveryday.com\/wp-content\/plugins\/youtube-embed-plus-pro\/images\/playhover.png\" data-no-lazy=\"1\" data-skipgform_ajax_framebjll=\"\" \/><div class=\"epyt-gallery-playcrutch\"><\/div><\/div><\/div><\/div><div class=\"epyt-gallery-title\">Tortillas d\u2019avoine<\/div><\/div><div tabindex=\"0\" role=\"button\" data-videoid=\"vrbO_JlLZyA\" class=\"epyt-gallery-thumb \" ><div class=\"epyt-gallery-img-box\"><div class=\"epyt-gallery-img\" style=\"background-image: url(https:\/\/i.ytimg.com\/vi\/vrbO_JlLZyA\/hqdefault.jpg)\"><div class=\"epyt-gallery-playhover\"><img alt=\"play\" class=\"epyt-play-img\" width=\"30\" height=\"23\" src=\"https:\/\/oatseveryday.com\/wp-content\/plugins\/youtube-embed-plus-pro\/images\/playhover.png\" data-no-lazy=\"1\" data-skipgform_ajax_framebjll=\"\" \/><div class=\"epyt-gallery-playcrutch\"><\/div><\/div><\/div><\/div><div class=\"epyt-gallery-title\">Biscuit de po\u00eale \u00e0 l\u2019avoine et p\u00e9pites de chocolat<\/div><\/div><div class=\"epyt-gallery-rowbreak\"><\/div><div tabindex=\"0\" role=\"button\" data-videoid=\"86DyP3XEqoM\" class=\"epyt-gallery-thumb \" ><div class=\"epyt-gallery-img-box\"><div class=\"epyt-gallery-img\" style=\"background-image: url(https:\/\/i.ytimg.com\/vi\/86DyP3XEqoM\/hqdefault.jpg)\"><div class=\"epyt-gallery-playhover\"><img alt=\"play\" class=\"epyt-play-img\" width=\"30\" height=\"23\" src=\"https:\/\/oatseveryday.com\/wp-content\/plugins\/youtube-embed-plus-pro\/images\/playhover.png\" data-no-lazy=\"1\" data-skipgform_ajax_framebjll=\"\" \/><div class=\"epyt-gallery-playcrutch\"><\/div><\/div><\/div><\/div><div class=\"epyt-gallery-title\">Fajitas au poulet croquant<\/div><\/div><div tabindex=\"0\" role=\"button\" data-videoid=\"iBSYVp7xp5E\" class=\"epyt-gallery-thumb \" ><div class=\"epyt-gallery-img-box\"><div class=\"epyt-gallery-img\" style=\"background-image: url(https:\/\/i.ytimg.com\/vi\/iBSYVp7xp5E\/hqdefault.jpg)\"><div class=\"epyt-gallery-playhover\"><img alt=\"play\" class=\"epyt-play-img\" width=\"30\" height=\"23\" src=\"https:\/\/oatseveryday.com\/wp-content\/plugins\/youtube-embed-plus-pro\/images\/playhover.png\" data-no-lazy=\"1\" data-skipgform_ajax_framebjll=\"\" \/><div class=\"epyt-gallery-playcrutch\"><\/div><\/div><\/div><\/div><div class=\"epyt-gallery-title\">Saumon en cro\u00fbte d\u2019avoine \u00e0 la moutarde au miel<\/div><\/div><div tabindex=\"0\" role=\"button\" data-videoid=\"0a0uS8utXws\" class=\"epyt-gallery-thumb \" ><div class=\"epyt-gallery-img-box\"><div class=\"epyt-gallery-img\" style=\"background-image: url(https:\/\/i.ytimg.com\/vi\/0a0uS8utXws\/hqdefault.jpg)\"><div class=\"epyt-gallery-playhover\"><img alt=\"play\" class=\"epyt-play-img\" width=\"30\" height=\"23\" src=\"https:\/\/oatseveryday.com\/wp-content\/plugins\/youtube-embed-plus-pro\/images\/playhover.png\" data-no-lazy=\"1\" data-skipgform_ajax_framebjll=\"\" \/><div class=\"epyt-gallery-playcrutch\"><\/div><\/div><\/div><\/div><div class=\"epyt-gallery-title\">Biscuits d\u2019avoine au babeurre et sauce de jus de saucisse<\/div><\/div><div class=\"epyt-gallery-rowbreak\"><\/div><div class=\"epyt-gallery-clear\"><\/div><\/div><div class=\"epyt-pagination \"><div tabindex=\"0\" role=\"button\" class=\"epyt-pagebutton epyt-prev  hide \" data-playlistid=\"PLGaEyUGlXbInrbWjtaMRnN2XjYLqN4cdO\" data-pagesize=\"15\" data-pagetoken=\"\" data-style=\"grid\" data-epcolumns=\"3\" data-showtitle=\"1\" data-showpaging=\"1\" data-autonext=\"0\" data-hidethumbimg=\"0\" data-thumbplay=\"0\"><div class=\"epyt-arrow\">&laquo;<\/div> <div>Prev<\/div><\/div><div class=\"epyt-pagenumbers \"><div class=\"epyt-current\">1<\/div><div class=\"epyt-pageseparator\"> \/ <\/div><div class=\"epyt-totalpages\">8<\/div><\/div><div tabindex=\"0\" role=\"button\" class=\"epyt-pagebutton epyt-next\" data-playlistid=\"PLGaEyUGlXbInrbWjtaMRnN2XjYLqN4cdO\" data-pagesize=\"15\" data-pagetoken=\"EAAaHlBUOkNBOGlFRVJCUVRVMU1VTkdOekF3T0RRMFF6TQ\" data-style=\"grid\" data-epcolumns=\"3\" data-showtitle=\"1\" data-showpaging=\"1\" data-autonext=\"0\" data-hidethumbimg=\"0\" data-thumbplay=\"0\"><div>Next<\/div> <div class=\"epyt-arrow\">&raquo;<\/div><\/div><div class=\"epyt-loader\"><img alt=\"loading\" width=\"16\" height=\"11\" src=\"https:\/\/oatseveryday.com\/wp-content\/plugins\/youtube-embed-plus-pro\/images\/gallery-page-loader.gif\"><\/div><\/div><\/div><\/div>\n<p class=\"text-center\"><a class=\"btn btn-primary\" href=\"https:\/\/www.youtube.com\/channel\/UCQER5GAcuYNRB5WLg55Fyqw?sub_confirmation=1\" target=\"_blank\" rel=\"noopener noreferrer\"><i class=\"fa fa-youtube-play\" aria-hidden=\"true\"><\/i> Inscrivez-vous!<\/a><\/p>\n","protected":false},"excerpt":{"rendered":"<p>Inscrivez-vous!<\/p>\n","protected":false},"author":9,"featured_media":0,"parent":0,"menu_order":0,"comment_status":"closed","ping_status":"closed","template":"templates\/no-sidebar.php","meta":{"wprm-recipe-roundup-name":"","wprm-recipe-roundup-description":"","footnotes":""},"class_list":["post-1734","page","type-page","status-publish","hentry","entry","no-media"],"yoast_head":"<!-- This site is optimized with the Yoast SEO plugin v27.4 - https:\/\/yoast.com\/product\/yoast-seo-wordpress\/ -->\n<title>Regarder des recettes - Oats Everyday<\/title>\n<meta name=\"robots\" content=\"index, follow, max-snippet:-1, max-image-preview:large, max-video-preview:-1\" \/>\n<link rel=\"canonical\" href=\"https:\/\/oatseveryday.com\/fr\/regarder-des-recettes\/\" \/>\n<meta property=\"og:locale\" content=\"fr_FR\" \/>\n<meta property=\"og:type\" content=\"article\" \/>\n<meta property=\"og:title\" content=\"Regarder des recettes - Oats Everyday\" \/>\n<meta property=\"og:description\" content=\"Inscrivez-vous!\" \/>\n<meta property=\"og:url\" content=\"https:\/\/oatseveryday.com\/fr\/regarder-des-recettes\/\" \/>\n<meta property=\"og:site_name\" content=\"Oats Everyday\" \/>\n<meta property=\"article:publisher\" content=\"https:\/\/www.facebook.com\/Oats-Everyday-1821481471452592\/\" \/>\n<meta property=\"article:modified_time\" content=\"2020-11-06T16:15:44+00:00\" \/>\n<meta property=\"og:image\" content=\"https:\/\/oatseveryday.com\/wp-content\/uploads\/2017\/06\/oats-everyday-logo@2x.png\" \/>\n\t<meta property=\"og:image:width\" content=\"471\" \/>\n\t<meta property=\"og:image:height\" content=\"464\" \/>\n\t<meta property=\"og:image:type\" content=\"image\/png\" \/>\n<meta name=\"twitter:card\" content=\"summary_large_image\" \/>\n<meta name=\"twitter:site\" content=\"@Oats_Everyday\" \/>\n<script type=\"application\/ld+json\" class=\"yoast-schema-graph\">{\"@context\":\"https:\\\/\\\/schema.org\",\"@graph\":[{\"@type\":\"WebPage\",\"@id\":\"https:\\\/\\\/oatseveryday.com\\\/fr\\\/regarder-des-recettes\\\/\",\"url\":\"https:\\\/\\\/oatseveryday.com\\\/fr\\\/regarder-des-recettes\\\/\",\"name\":\"Regarder des recettes - Oats Everyday\",\"isPartOf\":{\"@id\":\"https:\\\/\\\/oatseveryday.com\\\/fr\\\/#website\"},\"datePublished\":\"2020-11-06T16:10:53+00:00\",\"dateModified\":\"2020-11-06T16:15:44+00:00\",\"breadcrumb\":{\"@id\":\"https:\\\/\\\/oatseveryday.com\\\/fr\\\/regarder-des-recettes\\\/#breadcrumb\"},\"inLanguage\":\"fr-FR\",\"potentialAction\":[{\"@type\":\"ReadAction\",\"target\":[\"https:\\\/\\\/oatseveryday.com\\\/fr\\\/regarder-des-recettes\\\/\"]}]},{\"@type\":\"BreadcrumbList\",\"@id\":\"https:\\\/\\\/oatseveryday.com\\\/fr\\\/regarder-des-recettes\\\/#breadcrumb\",\"itemListElement\":[{\"@type\":\"ListItem\",\"position\":1,\"name\":\"Home\",\"item\":\"https:\\\/\\\/oatseveryday.com\\\/fr\\\/\"},{\"@type\":\"ListItem\",\"position\":2,\"name\":\"Regarder des recettes\"}]},{\"@type\":\"WebSite\",\"@id\":\"https:\\\/\\\/oatseveryday.com\\\/fr\\\/#website\",\"url\":\"https:\\\/\\\/oatseveryday.com\\\/fr\\\/\",\"name\":\"Oats Everyday\",\"description\":\"Delicious ways and nutritious reasons to enjoy oats with every meal, everyday! Recipes, videos, tips and information to satisfy your hunger for oats.\",\"publisher\":{\"@id\":\"https:\\\/\\\/oatseveryday.com\\\/fr\\\/#organization\"},\"potentialAction\":[{\"@type\":\"SearchAction\",\"target\":{\"@type\":\"EntryPoint\",\"urlTemplate\":\"https:\\\/\\\/oatseveryday.com\\\/fr\\\/?s={search_term_string}\"},\"query-input\":{\"@type\":\"PropertyValueSpecification\",\"valueRequired\":true,\"valueName\":\"search_term_string\"}}],\"inLanguage\":\"fr-FR\"},{\"@type\":\"Organization\",\"@id\":\"https:\\\/\\\/oatseveryday.com\\\/fr\\\/#organization\",\"name\":\"Oats Everyday\",\"url\":\"https:\\\/\\\/oatseveryday.com\\\/fr\\\/\",\"logo\":{\"@type\":\"ImageObject\",\"inLanguage\":\"fr-FR\",\"@id\":\"https:\\\/\\\/oatseveryday.com\\\/fr\\\/#\\\/schema\\\/logo\\\/image\\\/\",\"url\":\"https:\\\/\\\/oatseveryday.com\\\/wp-content\\\/uploads\\\/2017\\\/06\\\/oats-everyday-logo@2x.png\",\"contentUrl\":\"https:\\\/\\\/oatseveryday.com\\\/wp-content\\\/uploads\\\/2017\\\/06\\\/oats-everyday-logo@2x.png\",\"width\":471,\"height\":464,\"caption\":\"Oats Everyday\"},\"image\":{\"@id\":\"https:\\\/\\\/oatseveryday.com\\\/fr\\\/#\\\/schema\\\/logo\\\/image\\\/\"},\"sameAs\":[\"https:\\\/\\\/www.facebook.com\\\/Oats-Everyday-1821481471452592\\\/\",\"https:\\\/\\\/x.com\\\/Oats_Everyday\"]}]}<\/script>\n<!-- \/ Yoast SEO plugin. -->","yoast_head_json":{"title":"Regarder des recettes - Oats Everyday","robots":{"index":"index","follow":"follow","max-snippet":"max-snippet:-1","max-image-preview":"max-image-preview:large","max-video-preview":"max-video-preview:-1"},"canonical":"https:\/\/oatseveryday.com\/fr\/regarder-des-recettes\/","og_locale":"fr_FR","og_type":"article","og_title":"Regarder des recettes - Oats Everyday","og_description":"Inscrivez-vous!","og_url":"https:\/\/oatseveryday.com\/fr\/regarder-des-recettes\/","og_site_name":"Oats Everyday","article_publisher":"https:\/\/www.facebook.com\/Oats-Everyday-1821481471452592\/","article_modified_time":"2020-11-06T16:15:44+00:00","og_image":[{"width":471,"height":464,"url":"https:\/\/oatseveryday.com\/wp-content\/uploads\/2017\/06\/oats-everyday-logo@2x.png","type":"image\/png"}],"twitter_card":"summary_large_image","twitter_site":"@Oats_Everyday","schema":{"@context":"https:\/\/schema.org","@graph":[{"@type":"WebPage","@id":"https:\/\/oatseveryday.com\/fr\/regarder-des-recettes\/","url":"https:\/\/oatseveryday.com\/fr\/regarder-des-recettes\/","name":"Regarder des recettes - Oats Everyday","isPartOf":{"@id":"https:\/\/oatseveryday.com\/fr\/#website"},"datePublished":"2020-11-06T16:10:53+00:00","dateModified":"2020-11-06T16:15:44+00:00","breadcrumb":{"@id":"https:\/\/oatseveryday.com\/fr\/regarder-des-recettes\/#breadcrumb"},"inLanguage":"fr-FR","potentialAction":[{"@type":"ReadAction","target":["https:\/\/oatseveryday.com\/fr\/regarder-des-recettes\/"]}]},{"@type":"BreadcrumbList","@id":"https:\/\/oatseveryday.com\/fr\/regarder-des-recettes\/#breadcrumb","itemListElement":[{"@type":"ListItem","position":1,"name":"Home","item":"https:\/\/oatseveryday.com\/fr\/"},{"@type":"ListItem","position":2,"name":"Regarder des recettes"}]},{"@type":"WebSite","@id":"https:\/\/oatseveryday.com\/fr\/#website","url":"https:\/\/oatseveryday.com\/fr\/","name":"Oats Everyday","description":"Delicious ways and nutritious reasons to enjoy oats with every meal, everyday! Recipes, videos, tips and information to satisfy your hunger for oats.","publisher":{"@id":"https:\/\/oatseveryday.com\/fr\/#organization"},"potentialAction":[{"@type":"SearchAction","target":{"@type":"EntryPoint","urlTemplate":"https:\/\/oatseveryday.com\/fr\/?s={search_term_string}"},"query-input":{"@type":"PropertyValueSpecification","valueRequired":true,"valueName":"search_term_string"}}],"inLanguage":"fr-FR"},{"@type":"Organization","@id":"https:\/\/oatseveryday.com\/fr\/#organization","name":"Oats Everyday","url":"https:\/\/oatseveryday.com\/fr\/","logo":{"@type":"ImageObject","inLanguage":"fr-FR","@id":"https:\/\/oatseveryday.com\/fr\/#\/schema\/logo\/image\/","url":"https:\/\/oatseveryday.com\/wp-content\/uploads\/2017\/06\/oats-everyday-logo@2x.png","contentUrl":"https:\/\/oatseveryday.com\/wp-content\/uploads\/2017\/06\/oats-everyday-logo@2x.png","width":471,"height":464,"caption":"Oats Everyday"},"image":{"@id":"https:\/\/oatseveryday.com\/fr\/#\/schema\/logo\/image\/"},"sameAs":["https:\/\/www.facebook.com\/Oats-Everyday-1821481471452592\/","https:\/\/x.com\/Oats_Everyday"]}]}},"_links":{"self":[{"href":"https:\/\/oatseveryday.com\/fr\/wp-json\/wp\/v2\/pages\/1734","targetHints":{"allow":["GET"]}}],"collection":[{"href":"https:\/\/oatseveryday.com\/fr\/wp-json\/wp\/v2\/pages"}],"about":[{"href":"https:\/\/oatseveryday.com\/fr\/wp-json\/wp\/v2\/types\/page"}],"author":[{"embeddable":true,"href":"https:\/\/oatseveryday.com\/fr\/wp-json\/wp\/v2\/users\/9"}],"replies":[{"embeddable":true,"href":"https:\/\/oatseveryday.com\/fr\/wp-json\/wp\/v2\/comments?post=1734"}],"version-history":[{"count":1,"href":"https:\/\/oatseveryday.com\/fr\/wp-json\/wp\/v2\/pages\/1734\/revisions"}],"predecessor-version":[{"id":1737,"href":"https:\/\/oatseveryday.com\/fr\/wp-json\/wp\/v2\/pages\/1734\/revisions\/1737"}],"wp:attachment":[{"href":"https:\/\/oatseveryday.com\/fr\/wp-json\/wp\/v2\/media?parent=1734"}],"curies":[{"name":"wp","href":"https:\/\/api.w.org\/{rel}","templated":true}]}}